{"id":795,"date":"2026-02-20T06:00:15","date_gmt":"2026-02-20T06:00:15","guid":{"rendered":"https:\/\/clinicacamarma.com\/?page_id=795"},"modified":"2026-04-14T18:36:10","modified_gmt":"2026-04-14T18:36:10","slug":"periodoncia","status":"publish","type":"page","link":"https:\/\/clinicacamarma.com\/?page_id=795","title":{"rendered":"Periodoncia"},"content":{"rendered":"<div id=\"pl-795\"  class=\"panel-layout\" ><div id=\"pg-795-0\"  class=\"panel-grid panel-no-style\" ><div id=\"pgc-795-0-0\"  class=\"panel-grid-cell\" ><div id=\"panel-795-0-0-0\" class=\"so-panel widget widget_text panel-first-child panel-last-child\" data-index=\"0\" >\t\t\t<div class=\"textwidget\"><p>La enfermedad periodontal es una enfermedad que afecta a los tejidos que sostienen los dientes (periodonto). Es una patolog\u00eda infecciosa,\u00a0causadas por bacterias.<\/p>\n<p>Cuando se afecta \u00fanicamente la enc\u00eda, causando un proceso inflamatorio reversible, se denomina\u00a0<strong>gingivitis.\u00a0<\/strong>Esta se manifiesta con un<strong>\u00a0sangrado de las enc\u00edas.<\/strong><\/p>\n<\/div>\n\t\t<\/div><\/div><div id=\"pgc-795-0-1\"  class=\"panel-grid-cell\" ><div id=\"panel-795-0-1-0\" class=\"so-panel widget widget_media_image panel-first-child panel-last-child\" data-index=\"1\" ><img loading=\"lazy\" decoding=\"async\" width=\"600\" height=\"400\" src=\"https:\/\/clinicacamarma.com\/wp-content\/uploads\/2026\/04\/periodondia-clinicacamarma-final.jpg\" class=\"image wp-image-840  attachment-full size-full\" alt=\"\" style=\"max-width: 100%; height: auto;\" srcset=\"https:\/\/clinicacamarma.com\/wp-content\/uploads\/2026\/04\/periodondia-clinicacamarma-final.jpg 600w, https:\/\/clinicacamarma.com\/wp-content\/uploads\/2026\/04\/periodondia-clinicacamarma-final-300x200.jpg 300w, https:\/\/clinicacamarma.com\/wp-content\/uploads\/2026\/04\/periodondia-clinicacamarma-final-272x182.jpg 272w\" sizes=\"(max-width: 600px) 100vw, 600px\" \/><\/div><\/div><\/div><div id=\"pg-795-1\"  class=\"panel-grid panel-no-style\" ><div id=\"pgc-795-1-0\"  class=\"panel-grid-cell\" ><div id=\"panel-795-1-0-0\" class=\"so-panel widget widget_text panel-first-child panel-last-child\" data-index=\"2\" >\t\t\t<div class=\"textwidget\"><p>Si la gingivitis se mantiene mucho tiempo y adem\u00e1s se dan otros factores (gen\u00e9ticos, ambientales, locales, hormonales\u2026), se inicia la periodontitis (com\u00fanmente llamada \u201cpiorrea\u201d), en la que, adem\u00e1s de la inflamaci\u00f3n de la enc\u00eda ya mencionada, se produce una destrucci\u00f3n m\u00e1s profunda que afecta a los otros tejidos del periodonto, es decir, el hueso, el cemento del diente y el ligamento periodontal.<\/p>\n<p>&nbsp;<\/p>\n<\/div>\n\t\t<\/div><\/div><\/div><div id=\"pg-795-2\"  class=\"panel-grid panel-no-style\" ><div id=\"pgc-795-2-0\"  class=\"panel-grid-cell\" ><div id=\"panel-795-2-0-0\" class=\"so-panel widget widget_media_image panel-first-child panel-last-child\" data-index=\"3\" ><img loading=\"lazy\" decoding=\"async\" width=\"249\" height=\"170\" src=\"https:\/\/clinicacamarma.com\/wp-content\/uploads\/2016\/03\/clinicadentalcamarma_periodoncia2.jpg\" class=\"image wp-image-326  attachment-full size-full\" alt=\"\" style=\"max-width: 100%; height: auto;\" \/><\/div><\/div><div id=\"pgc-795-2-1\"  class=\"panel-grid-cell\" ><div id=\"panel-795-2-1-0\" class=\"so-panel widget widget_text panel-first-child panel-last-child\" data-index=\"4\" >\t\t\t<div class=\"textwidget\"><p>Esta destrucci\u00f3n es, adem\u00e1s,\u00a0<strong>irreversible<\/strong>, y favorece la progresi\u00f3n de la enfermedad, al crear un espacio debajo de la enc\u00eda que denominamos bolsa periodontal, en el que cada vez se acumulan mayor cantidad de bacterias que pueden poner en peligro la supervivencia de los dientes.<\/p>\n<p>Las enfermedades periodontales son mucho m\u00e1s frecuentes de lo que la gente pueda imaginar, y en la mayor\u00eda de los casos pasa desapercibida hasta los estad\u00edos m\u00e1s graves y cuando el pron\u00f3stico de los dientes es m\u00e1s desfavorable.<\/p>\n<p>&nbsp;<\/p>\n<p>&nbsp;<\/p>\n<p>&nbsp;<\/p>\n<\/div>\n\t\t<\/div><\/div><\/div><div id=\"pg-795-3\"  class=\"panel-grid panel-no-style\" ><div id=\"pgc-795-3-0\"  class=\"panel-grid-cell\" ><div id=\"panel-795-3-0-0\" class=\"so-panel widget widget_media_image panel-first-child panel-last-child\" data-index=\"5\" ><img loading=\"lazy\" decoding=\"async\" width=\"300\" height=\"202\" src=\"https:\/\/clinicacamarma.com\/wp-content\/uploads\/2025\/11\/clinica-camarma-aeropulidor2-300x202.jpg\" class=\"image wp-image-742  attachment-medium size-medium\" alt=\"\" style=\"max-width: 100%; height: auto;\" srcset=\"https:\/\/clinicacamarma.com\/wp-content\/uploads\/2025\/11\/clinica-camarma-aeropulidor2-300x202.jpg 300w, https:\/\/clinicacamarma.com\/wp-content\/uploads\/2025\/11\/clinica-camarma-aeropulidor2-272x182.jpg 272w, https:\/\/clinicacamarma.com\/wp-content\/uploads\/2025\/11\/clinica-camarma-aeropulidor2.jpg 350w\" sizes=\"(max-width: 300px) 100vw, 300px\" \/><\/div><\/div><div id=\"pgc-795-3-1\"  class=\"panel-grid-cell\" ><div id=\"panel-795-3-1-0\" class=\"so-panel widget widget_text panel-first-child panel-last-child\" data-index=\"6\" ><h3 class=\"widget-title\">\u00bfQu\u00e9 es el mantenimiento periodontal?<\/h3>\t\t\t<div class=\"textwidget\"><div>Es una fase de seguimiento y control que se hace posteriormente a haber tratado una gingivitis o periodontitis, para evitar que las causas que llevaron a esta situaci\u00f3n al paciente, se reactiven.<\/div>\n<div>Debe adaptarse a cada paciente, ya que dependiendo del estado de su boca, determinaremos la periodicidad de las visitas a la cl\u00ednica. Lo habitual es realizarlo cada 6 meses.<\/div>\n<div><\/div>\n<div><\/div>\n<\/div>\n\t\t<\/div><\/div><\/div><div id=\"pg-795-4\"  class=\"panel-grid panel-no-style\" ><div id=\"pgc-795-4-0\"  class=\"panel-grid-cell\" ><div id=\"panel-795-4-0-0\" class=\"so-panel widget widget_text panel-first-child panel-last-child\" data-index=\"7\" >\t\t\t<div class=\"textwidget\"><p>&nbsp;<\/p>\n<p>Es muy importante que el paciente periodontal entienda que la enfermedad periodontal no se cura, siempre va a convivir con ella. Lo que logramos es controlarla y mantenerla en un estado saludable. Nuestro objetivo esaeropulidor acompa\u00f1ar al paciente en el cuidado y mantenimiento de sus enc\u00edas, para que no vuelvan a aparecer las causas que la provocaron, por lo que el programa de mantenimientos es indefinido, para toda la vida.<\/p>\n<\/div>\n\t\t<\/div><\/div><div id=\"pgc-795-4-1\"  class=\"panel-grid-cell\" ><div id=\"panel-795-4-1-0\" class=\"so-panel widget widget_media_image panel-first-child panel-last-child\" data-index=\"8\" ><img loading=\"lazy\" decoding=\"async\" width=\"300\" height=\"202\" src=\"https:\/\/clinicacamarma.com\/wp-content\/uploads\/2025\/11\/clinica-camarma-aeropulidor-300x202.jpg\" class=\"image wp-image-743  attachment-medium size-medium\" alt=\"\" style=\"max-width: 100%; height: auto;\" srcset=\"https:\/\/clinicacamarma.com\/wp-content\/uploads\/2025\/11\/clinica-camarma-aeropulidor-300x202.jpg 300w, https:\/\/clinicacamarma.com\/wp-content\/uploads\/2025\/11\/clinica-camarma-aeropulidor-272x182.jpg 272w, https:\/\/clinicacamarma.com\/wp-content\/uploads\/2025\/11\/clinica-camarma-aeropulidor.jpg 350w\" sizes=\"(max-width: 300px) 100vw, 300px\" \/><\/div><\/div><\/div><div id=\"pg-795-5\"  class=\"panel-grid panel-no-style\" ><div id=\"pgc-795-5-0\"  class=\"panel-grid-cell\" ><div id=\"panel-795-5-0-0\" class=\"so-panel widget widget_text panel-first-child panel-last-child\" data-index=\"9\" >\t\t\t<div class=\"textwidget\"><p>&nbsp;<\/p>\n<p>El principal objetivo del mantenimiento periodontal es tener controlada la enfermedad para evitar reca\u00eddas.<br \/>\nPara poder llevar a cabo esos mantenimientos, disponemos del sistema de limpieza con aeropulidor PT-A, que es una herramienta que conlleva la m\u00e1s avanzada tecnolog\u00eda y permite una limipeza m\u00e1s profunda supra y subgingival (debajo de la enc\u00eda), para llegar a las bolsas periodontales. Este dispositivo permite, utilizando una combinacion de aire y agua a presi\u00f3n, eliminar eficazmente manchas, biofilm oral y placa bacteriana.<\/p>\n<p>&nbsp;<\/p>\n<\/div>\n\t\t<\/div><\/div><\/div><div id=\"pg-795-6\"  class=\"panel-grid panel-no-style\" ><div id=\"pgc-795-6-0\"  class=\"panel-grid-cell\" ><div id=\"panel-795-6-0-0\" class=\"so-panel widget widget_media_image panel-first-child panel-last-child\" data-index=\"10\" ><img loading=\"lazy\" decoding=\"async\" width=\"300\" height=\"199\" src=\"https:\/\/clinicacamarma.com\/wp-content\/uploads\/2025\/11\/clinica-camarma-novedad-sonda-florida-300x199.jpg\" class=\"image wp-image-746  attachment-medium size-medium\" alt=\"\" style=\"max-width: 100%; height: auto;\" srcset=\"https:\/\/clinicacamarma.com\/wp-content\/uploads\/2025\/11\/clinica-camarma-novedad-sonda-florida-300x199.jpg 300w, https:\/\/clinicacamarma.com\/wp-content\/uploads\/2025\/11\/clinica-camarma-novedad-sonda-florida.jpg 600w\" sizes=\"(max-width: 300px) 100vw, 300px\" \/><\/div><\/div><div id=\"pgc-795-6-1\"  class=\"panel-grid-cell\" ><div id=\"panel-795-6-1-0\" class=\"so-panel widget widget_text panel-first-child panel-last-child\" data-index=\"11\" ><h3 class=\"widget-title\">\u00bfQu\u00e9 es la sonda digital Florida?<\/h3>\t\t\t<div class=\"textwidget\"><p>Fieles a nuestra creencia de que la tecnolog\u00eda nos ayuda a realizar los tratamientos de una forma m\u00e1s eficaz y completa a nuestros pacientes, contamos con la Sonda Florida para ayudarnos en el diagn\u00f3stico de la enfermedad periodontal<\/p>\n<p>&nbsp;<\/p>\n<\/div>\n\t\t<\/div><\/div><\/div><div id=\"pg-795-7\"  class=\"panel-grid panel-no-style\" ><div id=\"pgc-795-7-0\"  class=\"panel-grid-cell\" ><div id=\"panel-795-7-0-0\" class=\"so-panel widget widget_text panel-first-child panel-last-child\" data-index=\"12\" >\t\t\t<div class=\"textwidget\"><p>&nbsp;<\/p>\n<p>Esta sonda nos permite diagnosticar, medir y llevar un registro de la enfermedad periodontal en sus diferentes fases. Nos indica par\u00e1metro fundamentales como sangrado, profundidad de bolsa, supuraci\u00f3n y movilidad de los dientes.<\/p>\n<p>Es una herramienta muy \u00fatil para medir la evoluci\u00f3n de la enfermedad periodontal con los tratamientos realizados al permitirnos guardar los registros de las citas.<\/p>\n<\/div>\n\t\t<\/div><\/div><div id=\"pgc-795-7-1\"  class=\"panel-grid-cell\" ><div id=\"panel-795-7-1-0\" class=\"so-panel widget widget_media_image panel-first-child panel-last-child\" data-index=\"13\" ><img loading=\"lazy\" decoding=\"async\" width=\"300\" height=\"195\" src=\"https:\/\/clinicacamarma.com\/wp-content\/uploads\/2025\/11\/clinica-camarma-sonda-florida2-300x195.jpg\" class=\"image wp-image-741  attachment-medium size-medium\" alt=\"\" style=\"max-width: 100%; height: auto;\" srcset=\"https:\/\/clinicacamarma.com\/wp-content\/uploads\/2025\/11\/clinica-camarma-sonda-florida2-300x195.jpg 300w, https:\/\/clinicacamarma.com\/wp-content\/uploads\/2025\/11\/clinica-camarma-sonda-florida2.jpg 350w\" sizes=\"(max-width: 300px) 100vw, 300px\" \/><\/div><\/div><\/div><\/div>","protected":false},"excerpt":{"rendered":"<p>La enfermedad periodontal es una enfermedad que afecta a los tejidos que sostienen los dientes (periodonto). Es una patolog\u00eda infecciosa,\u00a0causadas por bacterias. Cuando se afecta \u00fanicamente la enc\u00eda, causando un proceso inflamatorio reversible, se denomina\u00a0gingivitis.\u00a0Esta se manifiesta con un\u00a0sangrado de las enc\u00edas. Si la gingivitis se mantiene mucho tiempo y adem\u00e1s se dan otros factores [&hellip;]<\/p>\n","protected":false},"author":1,"featured_media":0,"parent":0,"menu_order":0,"comment_status":"closed","ping_status":"closed","template":"","meta":{"footnotes":""},"_links":{"self":[{"href":"https:\/\/clinicacamarma.com\/index.php?rest_route=\/wp\/v2\/pages\/795"}],"collection":[{"href":"https:\/\/clinicacamarma.com\/index.php?rest_route=\/wp\/v2\/pages"}],"about":[{"href":"https:\/\/clinicacamarma.com\/index.php?rest_route=\/wp\/v2\/types\/page"}],"author":[{"embeddable":true,"href":"https:\/\/clinicacamarma.com\/index.php?rest_route=\/wp\/v2\/users\/1"}],"replies":[{"embeddable":true,"href":"https:\/\/clinicacamarma.com\/index.php?rest_route=%2Fwp%2Fv2%2Fcomments&post=795"}],"version-history":[{"count":22,"href":"https:\/\/clinicacamarma.com\/index.php?rest_route=\/wp\/v2\/pages\/795\/revisions"}],"predecessor-version":[{"id":841,"href":"https:\/\/clinicacamarma.com\/index.php?rest_route=\/wp\/v2\/pages\/795\/revisions\/841"}],"wp:attachment":[{"href":"https:\/\/clinicacamarma.com\/index.php?rest_route=%2Fwp%2Fv2%2Fmedia&parent=795"}],"curies":[{"name":"wp","href":"https:\/\/api.w.org\/{rel}","templated":true}]}}