{"id":340,"date":"2016-03-03T05:21:31","date_gmt":"2016-03-03T05:21:31","guid":{"rendered":"http:\/\/clinicacamarma.com\/nueva\/?page_id=340"},"modified":"2018-01-11T15:30:29","modified_gmt":"2018-01-11T15:30:29","slug":"sedacion-consciente-clinica-dental-camarma","status":"publish","type":"page","link":"https:\/\/clinicacamarma.com\/?page_id=340","title":{"rendered":"Sedaci\u00f3n Consciente"},"content":{"rendered":"<div id=\"pl-340\"  class=\"panel-layout\" ><div id=\"pg-340-0\"  class=\"panel-grid panel-no-style\" ><div id=\"pgc-340-0-0\"  class=\"panel-grid-cell\" ><div id=\"panel-340-0-0-0\" class=\"so-panel widget widget_sow-editor panel-first-child\" data-index=\"0\" ><div\n\t\t\t\n\t\t\tclass=\"so-widget-sow-editor so-widget-sow-editor-base\"\n\t\t\t\n\t\t>\n<div class=\"siteorigin-widget-tinymce textwidget\">\n\t<p>La <strong>sedaci\u00f3n consciente<\/strong> intravenosa es una t\u00e9cnica anest\u00e9sica que complementa la anestesia local del odont\u00f3logo, proporcionando al paciente una sensaci\u00f3n de relajaci\u00f3n muy agradable, con un estado similar al sue\u00f1o, eliminando la ansiedad y olvidando al final del tratamiento, la mayor\u00eda del tiempo transcurrido.<\/p>\n<\/div>\n<\/div><\/div><div id=\"panel-340-0-0-1\" class=\"so-panel widget widget_sow-image\" data-index=\"1\" ><div\n\t\t\t\n\t\t\tclass=\"so-widget-sow-image so-widget-sow-image-default-c67d20f9f743-340\"\n\t\t\t\n\t\t>\n<div class=\"sow-image-container\">\n\t\t\t<a href=\"http:\/\/indolora.es\"\n\t\t\ttarget=\"_blank\" rel=\"noopener noreferrer\" \t\t>\n\t\t\t<img \n\tsrc=\"https:\/\/clinicacamarma.com\/wp-content\/uploads\/2016\/03\/logo-indolora.png\" width=\"282\" height=\"89\" sizes=\"(max-width: 282px) 100vw, 282px\" alt=\"\" \t\tclass=\"so-widget-image\"\/>\n\t\t\t<\/a><\/div>\n\n<\/div><\/div><div id=\"panel-340-0-0-2\" class=\"so-panel widget widget_sow-editor panel-last-child\" data-index=\"2\" ><div\n\t\t\t\n\t\t\tclass=\"so-widget-sow-editor so-widget-sow-editor-base\"\n\t\t\t\n\t\t>\n<div class=\"siteorigin-widget-tinymce textwidget\">\n\t<p>Se puede beneficiar de este tratamiento cualquier <strong>paciente con ansiedad, miedo o fobia al dentista<\/strong>. Tambi\u00e9n resulta muy \u00fatil en aquellos tratamientos largos que requieren colaboraci\u00f3n del paciente durante mucho tiempo.<\/p>\n<p>En Clinica Dental Pinar, contamos con los<strong> servicios de Indolora<\/strong>, una sociedad compuesta por M\u00e9dicos Especialistas en Anestesiolog\u00eda y Reanimaci\u00f3n, que trabajan en importantes hospitales de Madrid. Poseen una amplia experiencia en el campo de la sedaci\u00f3n consciente.<\/p>\n<p>Durante todo el proceso, el paciente permanecer\u00e1 monitorizado y vigilado. Una vez finalizado, permanecer\u00e1 en la cl\u00ednica hasta su completa recuperaci\u00f3n y despu\u00e9s se ir\u00e1 a su domicilio acompa\u00f1ado.<\/p>\n<p>Se trata de una t\u00e9cnica eficaz y segura para <strong>olvidar el miedo, la ansiedad y el dolor<\/strong> producidos por algunas t\u00e9cnicas odontol\u00f3gicas. \u00a0De esta forma, se pueden realizar los tratamientos de una forma m\u00e1s c\u00f3moda y en menos sesiones.<\/p>\n<p>Indolora trabaja cumpliendo los est\u00e1ndares m\u00e1ximos de seguridad de vigilancia monitorizada y reanimaci\u00f3n exigidos por las autoridades sanitarias, Colegio de Odont\u00f3logos y por la Sociedad Espa\u00f1ola de Anestesiolog\u00eda y Reanimaci\u00f3n.<\/p>\n<p>Para m\u00e1s informaci\u00f3n, consulte en nuestra cl\u00ednica y en <a href=\"http:\/\/indolora.es\" target=\"_blank\">www.indolora.es<\/a><\/p>\n<\/div>\n<\/div><\/div><\/div><\/div><\/div>","protected":false},"excerpt":{"rendered":"<p>La sedaci\u00f3n consciente intravenosa es una t\u00e9cnica anest\u00e9sica que complementa la anestesia local del odont\u00f3logo, proporcionando al paciente una sensaci\u00f3n de relajaci\u00f3n muy agradable, con un estado similar al sue\u00f1o, eliminando la ansiedad y olvidando al final del tratamiento, la mayor\u00eda del tiempo transcurrido. Se puede beneficiar de este tratamiento cualquier paciente con ansiedad, miedo [&hellip;]<\/p>\n","protected":false},"author":1,"featured_media":0,"parent":0,"menu_order":0,"comment_status":"closed","ping_status":"closed","template":"","meta":{"footnotes":""},"_links":{"self":[{"href":"https:\/\/clinicacamarma.com\/index.php?rest_route=\/wp\/v2\/pages\/340"}],"collection":[{"href":"https:\/\/clinicacamarma.com\/index.php?rest_route=\/wp\/v2\/pages"}],"about":[{"href":"https:\/\/clinicacamarma.com\/index.php?rest_route=\/wp\/v2\/types\/page"}],"author":[{"embeddable":true,"href":"https:\/\/clinicacamarma.com\/index.php?rest_route=\/wp\/v2\/users\/1"}],"replies":[{"embeddable":true,"href":"https:\/\/clinicacamarma.com\/index.php?rest_route=%2Fwp%2Fv2%2Fcomments&post=340"}],"version-history":[{"count":4,"href":"https:\/\/clinicacamarma.com\/index.php?rest_route=\/wp\/v2\/pages\/340\/revisions"}],"predecessor-version":[{"id":615,"href":"https:\/\/clinicacamarma.com\/index.php?rest_route=\/wp\/v2\/pages\/340\/revisions\/615"}],"wp:attachment":[{"href":"https:\/\/clinicacamarma.com\/index.php?rest_route=%2Fwp%2Fv2%2Fmedia&parent=340"}],"curies":[{"name":"wp","href":"https:\/\/api.w.org\/{rel}","templated":true}]}}