{"id":331,"date":"2016-03-02T06:51:29","date_gmt":"2016-03-02T06:51:29","guid":{"rendered":"http:\/\/clinicacamarma.com\/nueva\/?page_id=331"},"modified":"2016-04-01T13:22:11","modified_gmt":"2016-04-01T13:22:11","slug":"odontopediatria-clinica-dental-camarma","status":"publish","type":"page","link":"https:\/\/clinicacamarma.com\/?page_id=331","title":{"rendered":"Odontopediatr\u00eda"},"content":{"rendered":"<div id=\"pl-331\"  class=\"panel-layout\" ><div id=\"pg-331-0\"  class=\"panel-grid panel-no-style\" ><div id=\"pgc-331-0-0\"  class=\"panel-grid-cell\" ><div id=\"panel-331-0-0-0\" class=\"so-panel widget widget_sow-editor panel-first-child panel-last-child\" data-index=\"0\" ><div\n\t\t\t\n\t\t\tclass=\"so-widget-sow-editor so-widget-sow-editor-base\"\n\t\t\t\n\t\t>\n<div class=\"siteorigin-widget-tinymce textwidget\">\n\t<p><strong>La odontopediatr\u00eda<\/strong>\u00a0es aquella parte la odontolog\u00eda que se encarga del cuidado, mantenimiento y prevenci\u00f3n de la salud dental del ni\u00f1o desde su\u00a0<strong>infancia<\/strong>\u00a0hasta su\u00a0<strong>adolescencia<\/strong>, 16 a\u00f1os aproximadamente, ya que cualquier alteraci\u00f3n sin tratar en dientes temporales, puede influir posteriormente en las piezas permanentes.<\/p>\n<p><em><strong>\u00bfES IMPORTANTE QUE LE TRATE UN ODONTOPEDIATRA?<\/strong><\/em><\/p>\n<p>Es el odontopediatra el que tiene la destreza para guiar al ni\u00f1o a trav\u00e9s de los diferentes procedimientos dentales, con la finalidad de que acepten esta nueva experiencia sin desarrollar ansiedad ni miedo, y en consecuencia, conseguir a largo plazo que se promueva una actitud positiva frente al dentista as\u00ed como una adecuada salud dental en el adulto.<\/p>\n<p>La salud bucodental en la dentici\u00f3n de leche favorece el adecuado desarrollo craneofacial y constituye, la mejor gu\u00eda de erupci\u00f3n para el diente permanente. Juega un rol importante en el correcto desarrollo del ni\u00f1o, tanto fisiol\u00f3gico (nutrici\u00f3n, respiraci\u00f3n, fonaci\u00f3n\u2026), como psicol\u00f3gico, influye en su apariencia y autoestima contribuyendo en su salud general y calidad de vida.\u00a0De modo que, durante la infancia, los dientes temporales tienen m\u00e1s funciones que los futuros dientes permanentes, siempre y cuando est\u00e9n \u00edntegros y cuidados.<\/p>\n<p>La dentici\u00f3n temporal empieza entre los 6-12 meses de edad y se completa \u00a0a los 2-3 a\u00f1os. Este es el momento en el que se recomienda acudir al odontopediatra por primera vez. La prevenci\u00f3n juega un papel fundamental en estas edades. El diagn\u00f3stico temprano de las enfermedades bucodentales determinar\u00f1a en gran medida el pron\u00f3stico de las mismas y ayudara a un correcto desarrollo de todas las estructuras faciales.<\/p>\n<p>Es el odontopediatra la persona que, no s\u00f3lo conoce a fondo los distintos tratamientos, sino que, sobre todo est\u00e1 capacitado para manejar la conducta de los m\u00e1s peque\u00f1os.<\/p>\n<p>Algunos de los tratamientos que pueden necesitar los m\u00e1s peque\u00f1os son:<\/p>\n<ul>\n<li><span style=\"text-decoration: underline;\"><em><strong>Empastes<\/strong><\/em><\/span>:<\/li>\n<\/ul>\n<p>La caries dental es una infecci\u00f3n del diente; es una enfermedad bacteriana destructiva de las estructuras dentales producida por una serie de microbios que viven en nuestra boca. Las caries son, adem\u00e1s, la enfermedad cr\u00f3nica infantil m\u00e1s com\u00fan.<br \/> La caries de la primera infancia o \u201cCaries del Biber\u00f3n\u201d puede producirse desde el mismo instante en que aparecen los primeros dientes en la boca del ni\u00f1o. Desde este mismo instante, pues, es conveniente empezar la limpieza bucal de sus dientecitos, que se llevar\u00e1 a cabo con una peque\u00f1a gasa h\u00fameda.Sin embargo, el factor tiempo juega tambi\u00e9n un papel importante. Cuanto m\u00e1s se tarde en iniciar los procesos de higiene dental, m\u00e1s probabilidades tendr\u00e1 el ni\u00f1o de presentar caries. La caries la ha de diagnosticar el dentista y, en el caso de los ni\u00f1os, el especialista en odontopediatr\u00eda mediante las revisiones peri\u00f3dicas que han de tener lugar cada seis meses.Si son los padres los que la observan, ya suele ser tarde porque el proceso de cavitaci\u00f3n se ha iniciado y se ha perdido un tiempo precioso. En todo caso, la primera se\u00f1al es la aparici\u00f3n de un cambio de color en el diente que se vuelve blanquecino y sin brillo. En una fase m\u00e1s avanzada, se observa un borde amarillo, marr\u00f3n o negro a nivel de la zona careada. En la fase m\u00e1s visible, aparece la p\u00e9rdida de sustancia y el socav\u00f3n del esmalte, que se acaba rompiendo. La destrucci\u00f3n del diente indica que el proceso de caries puede llevar hasta varios meses en la boca; el proceso es, pues, lento.\u00a0La caries se suele iniciar en los sitios de retenci\u00f3n de comida, por eso los molares (los que mastican y en los que es m\u00e1s habitual que se depositen los alimentos) son los m\u00e1s susceptibles de padecer esta enfermedad.Cuando la caries s\u00f3lo afecta al esmalte no produce dolor. El esmalte es una estructura muy dura (tanto, que para perforarlo, los dentistas usamos unas puntas diamantadas) pero es d\u00e9bil frente a la acci\u00f3n del \u00e1cido. Sin embargo, si la lesi\u00f3n se extiende, acabar\u00e1 llegando al tejido interior del diente, que es la dentina y, en estos casos, la ingesta de dulces y las bebidas fr\u00edas o calientes provoca dolor.<br \/> A medida que la infecci\u00f3n progresa, pasa a los tejidos blandos del interior del diente (nervio), se forma pus como consecuencia de la infecci\u00f3n y aparece el flem\u00f3n que busca la salida del pus al exterior.<\/p>\n<p>\u00a1\u00a1\u00a1 PROHIBID\u00cdSIMO !!!<\/p>\n<p>1. No ha de dormir con el biber\u00f3n con l\u00edquidos que contengan az\u00facar.<\/p>\n<p>2. No se le ha de dar el chupete untado en miel ni az\u00facar.<\/p>\n<p>3. No se le han de dar zumos azucarados como sustitutos del agua.<\/p>\n<ul>\n<li><span style=\"text-decoration: underline;\"><em><strong>Pulpotom\u00edas \/Pulpectom\u00edas:<\/strong><\/em><\/span><\/li>\n<\/ul>\n<p>A medida que la caries progresa, pasa a los tejidos blandos del interior del diente (nervio), se forma pus como consecuencia de la infecci\u00f3n y aparece el flem\u00f3n que busca la salida del pus al exterior.\u00a0Si la lesi\u00f3n llega al nervio y estamos ante dientes temporales se realiza una pulpotom\u00eda o tratamiento del nervio que nada tiene que ver con las endodoncias realizadas en dientes definitivos.<br \/> Cualquier infecci\u00f3n en el diente temporal que progrese por la ra\u00edz crear\u00e1 una bolsa de pus que afectar\u00e1 al diente permanente. A veces los dientes definitivos salen con malformaciones, manchas o lesiones secundarias a la infecci\u00f3n que tuvo el diente de leche en su d\u00eda y no se trat\u00f3 de forma adecuada. Por ello, es un gran error pensar que, puesto que alg\u00fan d\u00eda se le caer\u00e1n los dientes de leche, no hay que preocuparse demasiado por su cuidado.\u00a0Hay que llevar a los ni\u00f1os al especialista en odontopediatr\u00eda cada 6 meses para que les revisen los dientes y poder prevenir las posibles enfermedades que pudieran tener en sus bocas.<\/p>\n<ul>\n<li><em><span style=\"text-decoration: underline;\"><strong>Aplicaciones de Fl\u00faor:<\/strong><\/span><\/em><\/li>\n<\/ul>\n<p>La fluoraci\u00f3n, bajo control del odontopediatra, es uno de los remedios m\u00e1s eficaces para luchar contra la caries. El esmalte se puede reforzar y remineralizar mediante la aplicaci\u00f3n de flu\u00f3r. El fl\u00faor reacciona con los cristales de hidroxiapatita del esmalte y los convierte en cristales de fl\u00faorapatita que son mucho m\u00e1s resistentes a la acci\u00f3n de los \u00e1cidos. Seg\u00fan la OMS, reduce la incidencia de caries hasta en un 50%.<\/p>\n<ul>\n<li><span style=\"text-decoration: underline;\"><em><strong>Selladores de fisuras:<\/strong><\/em><\/span><\/li>\n<\/ul>\n<p>Se describen como un material colocado en las fosas y fisuras m\u00e1s profundas de los dientes susceptibles al desarrollo de caries, actuando como una barrera f\u00edsica que evita el acceso de las bacterias cariog\u00e9nicas. Es, sin ninguna duda, aceptado que la efectividad de los sellados para la prevenci\u00f3n de la caries depende de su retenci\u00f3n a largo plazo. Su retenci\u00f3n debe ser evaluada peri\u00f3dicamente mediante examen visual y t\u00e1ctil por el odontopediatra y en aquellas situaciones donde se ha perdido total o parcialmente, los sellados deben ser recolocados para asegurar su efectividad.\u00a0Las caries de fosas y fisuras representan entre el 80 y el 90% de todas las caries que afectan a los dientes posteriores y el 44% en los dientes primarios. Los sellados reducen el riesgo en estas zonas susceptibles y su colocaci\u00f3n en ni\u00f1os y adolescentes ha mostrado una reducci\u00f3n de la incidencia de caries del 86% despu\u00e9s de un a\u00f1o y del 58% a los 4 a\u00f1os.<\/p>\n<p>La literatura sobre el tema recomienda la colocaci\u00f3n de los sellados en dientes permanentes.-<\/p>\n<p>-La colocaci\u00f3n de sellados de fosas y fisuras en molares permanentes en ni\u00f1os y adolescentes es un m\u00e9todo efectivo para la reducci\u00f3n de la caries.<br \/> -Los sellados no deben colocarse en dientes parcialmente erupcionados o con lesiones de caries cavitadas.<br \/> -La indicaci\u00f3n de su colocaci\u00f3n debe basarse en el riesgo de caries del paciente.<br \/> -Los sellados aplicados en superficies con lesiones incipientes de caries y no cavitadas pueden inhibir la progresi\u00f3n de la lesi\u00f3n, pero precisa un cuidadoso diagnostico.<br \/> -La t\u00e9cnica para la colocaci\u00f3n del sellado incluye una limpieza de la superficie, un buen aislamiento y se recomienda el uso de agentes adhesivos para mejorar la retenci\u00f3n<br \/> -Es fundamental una monitorizaci\u00f3n y un mantenimiento peri\u00f3dico para garantizar la efectividad del sellado.<br \/> -La aplicaci\u00f3n de los sellados debe ser considerada como una medida complementaria dentro de la estrategia de prevenci\u00f3n que incluir\u00e1 otras actuaciones como la educaci\u00f3n dental, el control de dieta, la aplicaci\u00f3n de fluor, higiene oral y visitas peri\u00f3dicas semestrales con el odontopediatra.<\/p>\n<ul>\n<li><span style=\"text-decoration: underline;\"><em><strong>Mantenedores de espacio:<\/strong><\/em><\/span><\/li>\n<\/ul>\n<p>Se denomina mantenedor a todo aquel aparato, bien fijo bien removible, encaminado a mantener\u00a0el espacio que han dejado uno o varios dientes de leche que se han perdido prematuramente por causa de un traumatismo o por caries. Su objetivo es mantener el espacio hasta que se produzca la erupci\u00f3n del diente permanente<br \/> No deben interferir en la erupci\u00f3n normal de los permanente ni en\u00a0el desarrollo de las bases \u00f3seas.<\/p>\n<ul>\n<li> <span style=\"text-decoration: underline;\"><em><strong>Ortodoncia Interceptiva:<\/strong><\/em><\/span><\/li>\n<\/ul>\n<p>Con la ortodoncia para ni\u00f1os se corrigen muchos de los problemas m\u00e1s frecuentes que tienen lugar durante el periodo de desarrollo y erupci\u00f3n dental, tanto en dientes de leche como en dientes definitivos.<\/p>\n<p>Es fundamental controlar su desarrollo para que la erupci\u00f3n de los dientes definitivos sea correcta, esto se consigue mediante ortodoncia corrigiendo adem\u00e1s problemas de huesos, maxilar, etc.<\/p>\n<p>La prevenci\u00f3n en los ni\u00f1os es fundamental, intervenir a tiempo puede evitar grandes complicaciones en el desarrollo del ni\u00f1o que condicionar\u00e1 su vida y que adem\u00e1s supondr\u00e1n soluciones m\u00e1s complejas y costosas cuando el ni\u00f1o sea mayor y tenga tanto los dientes como la estructura \u00f3sea totalmente desarrollada.<\/p>\n<p>No s\u00f3lo se alinean y colocan los dientes con brackets sino que tambi\u00e9n se pueden corregir los huesos mal colocados o dientes bloqueados que no han llegado a salir. Se corrigen casos como:<\/p>\n<p>Mordida cruzada<br \/> Mordida abierta<br \/> Mand\u00edbula peque\u00f1a o grande<br \/> Maxilar peque\u00f1o o grande<br \/> Posici\u00f3n dentaria, alineamiento y mordida.\u00a0<\/p>\n<ul>\n<li><span style=\"text-decoration: underline;\"><em><strong>Traumatismos:<\/strong><\/em><\/span><\/li>\n<\/ul>\n<p>Los accidentes en la etapa infantil son muy frecuentes. El tratamiento para un diente temporal y otro permanenete es completamente distinto. Si tu hijo sufre cualquier tipo de accidente, llamanos enseguida y te daremos las pautas a seguir.<\/p>\n<p>\u00a0<\/p>\n<\/div>\n<\/div><\/div><\/div><div id=\"pgc-331-0-1\"  class=\"panel-grid-cell panel-grid-cell-empty\" ><\/div><div id=\"pgc-331-0-2\"  class=\"panel-grid-cell\" ><div id=\"panel-331-0-2-0\" class=\"so-panel widget widget_sow-image panel-first-child panel-last-child\" data-index=\"1\" ><div\n\t\t\t\n\t\t\tclass=\"so-widget-sow-image so-widget-sow-image-default-c67d20f9f743-331\"\n\t\t\t\n\t\t>\n<div class=\"sow-image-container\">\n\t\t<img \n\tsrc=\"https:\/\/clinicacamarma.com\/wp-content\/uploads\/2016\/03\/clinicadentalcamarma_odontopediatria.jpg\" width=\"246\" height=\"246\" srcset=\"https:\/\/clinicacamarma.com\/wp-content\/uploads\/2016\/03\/clinicadentalcamarma_odontopediatria.jpg 246w, https:\/\/clinicacamarma.com\/wp-content\/uploads\/2016\/03\/clinicadentalcamarma_odontopediatria-150x150.jpg 150w\" sizes=\"(max-width: 246px) 100vw, 246px\" alt=\"\" \t\tclass=\"so-widget-image\"\/>\n\t<\/div>\n\n<\/div><\/div><\/div><\/div><\/div>","protected":false},"excerpt":{"rendered":"<p>La odontopediatr\u00eda\u00a0es aquella parte la odontolog\u00eda que se encarga del cuidado, mantenimiento y prevenci\u00f3n de la salud dental del ni\u00f1o desde su\u00a0infancia\u00a0hasta su\u00a0adolescencia, 16 a\u00f1os aproximadamente, ya que cualquier alteraci\u00f3n sin tratar en dientes temporales, puede influir posteriormente en las piezas permanentes.\u00bfES IMPORTANTE QUE LE TRATE UN ODONTOPEDIATRA?Es el odontopediatra el que tiene la destreza [&hellip;]<\/p>\n","protected":false},"author":1,"featured_media":0,"parent":0,"menu_order":0,"comment_status":"closed","ping_status":"closed","template":"","meta":{"footnotes":""},"_links":{"self":[{"href":"https:\/\/clinicacamarma.com\/index.php?rest_route=\/wp\/v2\/pages\/331"}],"collection":[{"href":"https:\/\/clinicacamarma.com\/index.php?rest_route=\/wp\/v2\/pages"}],"about":[{"href":"https:\/\/clinicacamarma.com\/index.php?rest_route=\/wp\/v2\/types\/page"}],"author":[{"embeddable":true,"href":"https:\/\/clinicacamarma.com\/index.php?rest_route=\/wp\/v2\/users\/1"}],"replies":[{"embeddable":true,"href":"https:\/\/clinicacamarma.com\/index.php?rest_route=%2Fwp%2Fv2%2Fcomments&post=331"}],"version-history":[{"count":4,"href":"https:\/\/clinicacamarma.com\/index.php?rest_route=\/wp\/v2\/pages\/331\/revisions"}],"predecessor-version":[{"id":500,"href":"https:\/\/clinicacamarma.com\/index.php?rest_route=\/wp\/v2\/pages\/331\/revisions\/500"}],"wp:attachment":[{"href":"https:\/\/clinicacamarma.com\/index.php?rest_route=%2Fwp%2Fv2%2Fmedia&parent=331"}],"curies":[{"name":"wp","href":"https:\/\/api.w.org\/{rel}","templated":true}]}}