{"id":317,"date":"2016-03-02T06:38:46","date_gmt":"2016-03-02T06:38:46","guid":{"rendered":"http:\/\/clinicacamarma.com\/nueva\/?page_id=317"},"modified":"2016-04-04T11:52:04","modified_gmt":"2016-04-04T11:52:04","slug":"estetica-dental-clinica-dental-camarma","status":"publish","type":"page","link":"https:\/\/clinicacamarma.com\/?page_id=317","title":{"rendered":"Est\u00e9tica Dental"},"content":{"rendered":"<div id=\"pl-317\"  class=\"panel-layout\" ><div id=\"pg-317-0\"  class=\"panel-grid panel-no-style\" ><div id=\"pgc-317-0-0\"  class=\"panel-grid-cell\" ><div id=\"panel-317-0-0-0\" class=\"so-panel widget widget_sow-editor panel-first-child panel-last-child\" data-index=\"0\" ><div\n\t\t\t\n\t\t\tclass=\"so-widget-sow-editor so-widget-sow-editor-base\"\n\t\t\t\n\t\t>\n<div class=\"siteorigin-widget-tinymce textwidget\">\n\t<p>Gracias a las modernas t\u00e9cnicas podemos corregir el color, la forma y el tama\u00f1o de los dientes. Entre las t\u00e9cnicas de las que disponemos hoy d\u00eda est\u00e1n:<\/p>\n<p><strong>Blanqueamiento Dental<\/strong><\/p>\n<p>El blanqueamiento dental es un proceso cosm\u00e9tico conservador, que ayuda a corregir las alteraciones de color de los dientes, consiguiendo un aclaramiento de los dientes sin apenas efectos secundarios. Para obtener el m\u00e1ximo blanqueamiento y ademas que se mantenga a lo largo de los a\u00f1os, es necesario que los agentes blanqueantes atraviesen todo el esmalte hasta blanquear la dentina en todo su espesor. Esto se consigue haciendo que los productos en alta concentraci\u00f3n, lo atraviesen repetidas veces y de forma continuada.<\/p>\n<p><strong>Carillas\/Coronas de Porcelana<\/strong><\/p>\n<p>Las carillas de porcelana son unos delgados frentes laminados de porcelana, que se adhieren a la superficie externa del diente previamente preparado. El tallado del diente es muy conservador, ya que el grosor que necesitamos es m\u00ednimo.<\/p>\n<p><strong>Carillas de composite<\/strong><\/p>\n<p>Permiten cambiar el color y la forma de los dientes, empleando un material, el composite, que es una resina que se modela en cl\u00ednica sobre el propio diente. En la mayor\u00eda de los casos no requiere ni siquiera tocar el diente sobre el que van colocadas, ya que se colocan encima del mismo y se modelan directamente en cl\u00ednica. Permiten agrandar dientes peque\u00f1os, restaurar grandes fracturas o cerrar espacios entre los dientes (diastemas).\u00a0<\/p>\n<p><strong>Contorneado est\u00e9tico de los dientes<\/strong><\/p>\n<p>Consiste en acortar, redondear o aplanar determinadas zonas del esmalte de los dientes para mejorar o cambiar su forma. Gracias a \u00e9l, conseguimos una l\u00ednea de sonrisa m\u00e1s arm\u00f3nica y equilibrada. Es una t\u00e9cnica muy \u00fatil en casos de dientes astillados o desgastados. Se realiza sin anestesia y es indolora, ya que s\u00f3lo eliminamos peque\u00f1as zonas de esmalte.<\/p>\n<p>\u00a0<\/p>\n<p><strong>Cirug\u00eda est\u00e9tica gingival<\/strong><\/p>\n<p>En la est\u00e9tica dental, tan importante son los dientes como la enc\u00eda donde se enmarcan. En muchos casos, una enc\u00eda que no est\u00e1 sana, se vuelve rojiza, inflamada y sangrantes. En estos casos ser\u00e1 necesario hacer un tratamiento periodontal previo (limpieza, raspados y alisados radiculares), como primer paso para restaurar la est\u00e9tica de los dientes.<\/p>\n<p>En otros, la enc\u00eda es demasiado grande y hace necesario recortarla para conseguir una \u00f3ptima proporci\u00f3n y tama\u00f1o del diente (gingivectom\u00eda, alargamiento coronario). Por el contrario, cuando la enc\u00eda se ha retra\u00eddo, lo indicado es hacer un injerto, para restablecer el tama\u00f1o y la forma original.<\/p>\n<p>\u00a0<\/p>\n<p>\u00a0<\/p>\n<p>\u00a0<\/p>\n<\/div>\n<\/div><\/div><\/div><div id=\"pgc-317-0-1\"  class=\"panel-grid-cell panel-grid-cell-empty\" ><\/div><div id=\"pgc-317-0-2\"  class=\"panel-grid-cell\" ><div id=\"panel-317-0-2-0\" class=\"so-panel widget widget_text panel-first-child\" data-index=\"1\" >\t\t\t<div class=\"textwidget\"><p>&nbsp;<\/p>\n<p>&nbsp;<\/p>\n<\/div>\n\t\t<\/div><div id=\"panel-317-0-2-1\" class=\"so-panel widget widget_sow-image panel-last-child\" data-index=\"2\" ><div\n\t\t\t\n\t\t\tclass=\"so-widget-sow-image so-widget-sow-image-default-c67d20f9f743-317\"\n\t\t\t\n\t\t>\n<div class=\"sow-image-container\">\n\t\t<img \n\tsrc=\"https:\/\/clinicacamarma.com\/wp-content\/uploads\/2016\/03\/clinicadentalcamarma_estetica1.jpg\" width=\"250\" height=\"186\" sizes=\"(max-width: 250px) 100vw, 250px\" alt=\"\" \t\tclass=\"so-widget-image\"\/>\n\t<\/div>\n\n<\/div><\/div><\/div><\/div><div id=\"pg-317-1\"  class=\"panel-grid panel-no-style\" ><div id=\"pgc-317-1-0\"  class=\"panel-grid-cell\" ><div id=\"panel-317-1-0-0\" class=\"so-panel widget widget_sow-image panel-first-child panel-last-child\" data-index=\"3\" ><div\n\t\t\t\n\t\t\tclass=\"so-widget-sow-image so-widget-sow-image-default-c67d20f9f743-317\"\n\t\t\t\n\t\t>\n<div class=\"sow-image-container\">\n\t\t<img \n\tsrc=\"https:\/\/clinicacamarma.com\/wp-content\/uploads\/2016\/03\/clinicadentalcamarma_estetica2.jpg\" width=\"250\" height=\"150\" sizes=\"(max-width: 250px) 100vw, 250px\" alt=\"\" \t\tclass=\"so-widget-image\"\/>\n\t<\/div>\n\n<\/div><\/div><\/div><div id=\"pgc-317-1-1\"  class=\"panel-grid-cell panel-grid-cell-empty panel-grid-cell-mobile-last\" ><\/div><div id=\"pgc-317-1-2\"  class=\"panel-grid-cell panel-grid-cell-empty\" ><\/div><\/div><\/div>","protected":false},"excerpt":{"rendered":"<p>Gracias a las modernas t\u00e9cnicas podemos corregir el color, la forma y el tama\u00f1o de los dientes. Entre las t\u00e9cnicas de las que disponemos hoy d\u00eda est\u00e1n:Blanqueamiento DentalEl blanqueamiento dental es un proceso cosm\u00e9tico conservador, que ayuda a corregir las alteraciones de color de los dientes, consiguiendo un aclaramiento de los dientes sin apenas efectos [&hellip;]<\/p>\n","protected":false},"author":1,"featured_media":0,"parent":0,"menu_order":0,"comment_status":"closed","ping_status":"closed","template":"","meta":{"footnotes":""},"_links":{"self":[{"href":"https:\/\/clinicacamarma.com\/index.php?rest_route=\/wp\/v2\/pages\/317"}],"collection":[{"href":"https:\/\/clinicacamarma.com\/index.php?rest_route=\/wp\/v2\/pages"}],"about":[{"href":"https:\/\/clinicacamarma.com\/index.php?rest_route=\/wp\/v2\/types\/page"}],"author":[{"embeddable":true,"href":"https:\/\/clinicacamarma.com\/index.php?rest_route=\/wp\/v2\/users\/1"}],"replies":[{"embeddable":true,"href":"https:\/\/clinicacamarma.com\/index.php?rest_route=%2Fwp%2Fv2%2Fcomments&post=317"}],"version-history":[{"count":6,"href":"https:\/\/clinicacamarma.com\/index.php?rest_route=\/wp\/v2\/pages\/317\/revisions"}],"predecessor-version":[{"id":470,"href":"https:\/\/clinicacamarma.com\/index.php?rest_route=\/wp\/v2\/pages\/317\/revisions\/470"}],"wp:attachment":[{"href":"https:\/\/clinicacamarma.com\/index.php?rest_route=%2Fwp%2Fv2%2Fmedia&parent=317"}],"curies":[{"name":"wp","href":"https:\/\/api.w.org\/{rel}","templated":true}]}}