{"id":309,"date":"2016-03-02T06:30:06","date_gmt":"2016-03-02T06:30:06","guid":{"rendered":"http:\/\/clinicacamarma.com\/nueva\/?page_id=309"},"modified":"2025-10-16T17:23:58","modified_gmt":"2025-10-16T17:23:58","slug":"ortodoncia-clinica-dental-camarma","status":"publish","type":"page","link":"https:\/\/clinicacamarma.com\/?page_id=309","title":{"rendered":"Ortodoncia"},"content":{"rendered":"<div id=\"pl-309\"  class=\"panel-layout\" ><div id=\"pg-309-0\"  class=\"panel-grid panel-no-style\" ><div id=\"pgc-309-0-0\"  class=\"panel-grid-cell\" ><div id=\"panel-309-0-0-0\" class=\"so-panel widget widget_sow-editor panel-first-child panel-last-child\" data-index=\"0\" ><div\n\t\t\t\n\t\t\tclass=\"so-widget-sow-editor so-widget-sow-editor-base\"\n\t\t\t\n\t\t>\n<div class=\"siteorigin-widget-tinymce textwidget\">\n\t<p><strong>La ortodoncia<\/strong>\u00a0es una especialidad de la odontolog\u00eda que corrige las alteraciones en el alineamiento y la oclusi\u00f3n de los dientes<\/p>\n<p>La\u00a0ortodoncia\u00a0permite que cualquier persona mejore su sonrisa\u00a0<strong>sin importar la edad<\/strong>, porque cada vez son m\u00e1s adultos los que se benefician de este tratamiento consiguiendo una sonrisa\u00a0<strong>est\u00e9tica <\/strong>y\u00a0agradable y mejorando su\u00a0<strong>masticaci\u00f3n<\/strong>. Los cambios producidos son espectaculares y los pacientes quedan realmente satisfechos y contentos.<\/p>\n<\/div>\n<\/div><\/div><\/div><div id=\"pgc-309-0-1\"  class=\"panel-grid-cell panel-grid-cell-empty\" ><\/div><div id=\"pgc-309-0-2\"  class=\"panel-grid-cell\" ><div id=\"panel-309-0-2-0\" class=\"so-panel widget widget_text panel-first-child\" data-index=\"1\" >\t\t\t<div class=\"textwidget\"><p>&nbsp;<\/p>\n<p>&nbsp;<\/p>\n<\/div>\n\t\t<\/div><div id=\"panel-309-0-2-1\" class=\"so-panel widget widget_sow-image panel-last-child\" data-index=\"2\" ><div\n\t\t\t\n\t\t\tclass=\"so-widget-sow-image so-widget-sow-image-default-c67d20f9f743-309\"\n\t\t\t\n\t\t>\n<div class=\"sow-image-container\">\n\t\t<img \n\tsrc=\"https:\/\/clinicacamarma.com\/wp-content\/uploads\/2016\/03\/clinicadentalcamarma_ortodoncia1.jpg\" width=\"250\" height=\"177\" sizes=\"(max-width: 250px) 100vw, 250px\" alt=\"\" \t\tclass=\"so-widget-image\"\/>\n\t<\/div>\n\n<\/div><\/div><\/div><\/div><div id=\"pg-309-1\"  class=\"panel-grid panel-no-style\" ><div id=\"pgc-309-1-0\"  class=\"panel-grid-cell\" ><div id=\"panel-309-1-0-0\" class=\"so-panel widget widget_sow-editor panel-first-child panel-last-child\" data-index=\"3\" ><div\n\t\t\t\n\t\t\tclass=\"so-widget-sow-editor so-widget-sow-editor-base\"\n\t\t\t\n\t\t><h3 class=\"widget-title\">Tipos de Ortodoncia<\/h3>\n<div class=\"siteorigin-widget-tinymce textwidget\">\n\t<p><strong>Brackets Met\u00e1licos:<\/strong><\/p>\n<p>Son los brackets convencionales, fabricados en metal y con ligaduras. Con ellos se consiguen buenos resultados en la alineaci\u00f3n, nivelaci\u00f3n y mordida.<\/p>\n<p>Son habitualmente empleados en ni\u00f1os. Tambi\u00e9n muchos adultos se decantan por ella, aunque\u00a0existe una buena alternativa m\u00e1s est\u00e9tica como son los brackets de zafiro.<\/p>\n<p><strong>Brackets de Zafiro:<\/strong><\/p>\n<p>Son una buena alternativa a los brackets convencionales, ya que son mucho m\u00e1s\u00a0est\u00e9ticos. Son del color de los dientes (transparentes) y casi no se notan. Es una opci\u00f3n m\u00e1s est\u00e9tica y eficaz, por lo que muchos adultos se decantan por ella. Son una opci\u00f3n con muy buena relaci\u00f3n calidad-precio. ent\u00a1re sus ventajas tenemos:<\/p>\n<ul>\n<li>No se ti\u00f1en a diferencia de los de pl\u00e1stico o porcelana.<\/li>\n<li>Tienen un contorno m\u00e1s suave, por lo que rozan menos.<\/li>\n<li>Son transparentes, por lo que el color ser\u00e1 el de tus dientes.<\/li>\n<li>Son altamente efectivos para la correcci\u00f3n ortod\u00f3ncica, obteni\u00e9ndose resultados muy satisfactorios<\/li>\n<\/ul>\n<p><strong>Ortodoncia Lingual:<\/strong><br \/>Es totalmente invisible y \u00a0est\u00e9tica, ya que los brackets van colocados en la cara interna de los dientes.<\/p>\n<p>Permite corregir cualquier malposici\u00f3n de los dientes, por muy complicada que sea, ya que los brackets estan dise\u00f1ados y confeccionados a medida de cada paciente.<\/p>\n<p><strong>Brackets Damon:<\/strong><\/p>\n<p>Son unos brackets especiales, que se caracterizan por no tener ligaduras (lo que une el alambre al bracket) y presentan una baja fricci\u00f3n, por lo que las revisiones son m\u00e1s cortas, es m\u00e1s higienico y en algunos casos puede acortarse el tiempo de tratamiento.<\/p>\n<\/div>\n<\/div><\/div><\/div><\/div><\/div>","protected":false},"excerpt":{"rendered":"<p>La ortodoncia\u00a0es una especialidad de la odontolog\u00eda que corrige las alteraciones en el alineamiento y la oclusi\u00f3n de los dientesLa\u00a0ortodoncia\u00a0permite que cualquier persona mejore su sonrisa\u00a0sin importar la edad, porque cada vez son m\u00e1s adultos los que se benefician de este tratamiento consiguiendo una sonrisa\u00a0est\u00e9tica y\u00a0agradable y mejorando su\u00a0masticaci\u00f3n. Los cambios producidos son espectaculares y [&hellip;]<\/p>\n","protected":false},"author":1,"featured_media":0,"parent":0,"menu_order":0,"comment_status":"closed","ping_status":"closed","template":"","meta":{"footnotes":""},"_links":{"self":[{"href":"https:\/\/clinicacamarma.com\/index.php?rest_route=\/wp\/v2\/pages\/309"}],"collection":[{"href":"https:\/\/clinicacamarma.com\/index.php?rest_route=\/wp\/v2\/pages"}],"about":[{"href":"https:\/\/clinicacamarma.com\/index.php?rest_route=\/wp\/v2\/types\/page"}],"author":[{"embeddable":true,"href":"https:\/\/clinicacamarma.com\/index.php?rest_route=\/wp\/v2\/users\/1"}],"replies":[{"embeddable":true,"href":"https:\/\/clinicacamarma.com\/index.php?rest_route=%2Fwp%2Fv2%2Fcomments&post=309"}],"version-history":[{"count":12,"href":"https:\/\/clinicacamarma.com\/index.php?rest_route=\/wp\/v2\/pages\/309\/revisions"}],"predecessor-version":[{"id":713,"href":"https:\/\/clinicacamarma.com\/index.php?rest_route=\/wp\/v2\/pages\/309\/revisions\/713"}],"wp:attachment":[{"href":"https:\/\/clinicacamarma.com\/index.php?rest_route=%2Fwp%2Fv2%2Fmedia&parent=309"}],"curies":[{"name":"wp","href":"https:\/\/api.w.org\/{rel}","templated":true}]}}