{"id":239,"date":"2016-03-01T17:01:45","date_gmt":"2016-03-01T17:01:45","guid":{"rendered":"http:\/\/clinicacamarma.com\/nueva\/?page_id=239"},"modified":"2026-04-17T08:27:33","modified_gmt":"2026-04-17T08:27:33","slug":"clinica-dental-camarma","status":"publish","type":"page","link":"https:\/\/clinicacamarma.com\/?page_id=239","title":{"rendered":"Quienes somos"},"content":{"rendered":"<div id=\"pl-239\"  class=\"panel-layout\" ><div id=\"pg-239-0\"  class=\"panel-grid panel-no-style\" ><div id=\"pgc-239-0-0\"  class=\"panel-grid-cell\" ><div id=\"panel-239-0-0-0\" class=\"so-panel widget widget_sow-editor panel-first-child panel-last-child\" data-index=\"0\" ><div\n\t\t\t\n\t\t\tclass=\"so-widget-sow-editor so-widget-sow-editor-base\"\n\t\t\t\n\t\t>\n<div class=\"siteorigin-widget-tinymce textwidget\">\n\t<p>La Cl\u00ednica Dental Camarma se encuentra situada en Camarma de Esteruelas, a 5 minutos de Alcal\u00e1 de Henares, y en ella recibiras una atenci\u00f3n personalizada y cercana. Prestamos servicio tambi\u00e9n a las poblaciones m\u00e1s cercanas, como Meco, Guadalajara, Daganzo, Ajalvir, Torrej\u00f3n del Rey, El Casar y Valdeavero.<\/p>\n<p>Nuestras instalaciones estan equipadas con la m\u00e1s moderna tecnolog\u00eda para realizar los tratamientos m\u00e1s especializados sin que tengas que desplazarte.<\/p>\n<p>Est\u00e1 dirigida por el Dr. Pablo Gonzalez y la Dra. Sara Rodr\u00edguez, especializados en diferentes campos de la odontolog\u00eda, que prestan servicio en la zona del corredor del Henares desde hace m\u00e1s de 20 a\u00f1os. Contamos con el apoyo de la Dra. Raquel Asencio y de la Dra. Carolina Daimiel, para ofrecerte la mejor y m\u00e1s completa calidad asistencial y los tratamientos m\u00e1s novedosos.<\/p>\n<p>Contamos tambi\u00e9n con la ayuda de nuestras auxiliares e higienistas, Patricia L\u00f3pez, Raquel Campos y Loli Jurado, que nos acompa\u00f1an desde hace casi 10 a\u00f1os.<\/p>\n<p>Nuestro objetivo es la salud de su boca. Ven a conocernos, la primera visita es gratuita....<\/p>\n<\/div>\n<\/div><\/div><\/div><div id=\"pgc-239-0-1\"  class=\"panel-grid-cell panel-grid-cell-empty\" ><\/div><div id=\"pgc-239-0-2\"  class=\"panel-grid-cell\" ><div id=\"panel-239-0-2-0\" class=\"so-panel widget widget_sow-image panel-first-child panel-last-child\" data-index=\"1\" ><div\n\t\t\t\n\t\t\tclass=\"so-widget-sow-image so-widget-sow-image-default-8b5b6f678277-239\"\n\t\t\t\n\t\t>\n<div class=\"sow-image-container\">\n\t\t<img \n\tsrc=\"https:\/\/clinicacamarma.com\/wp-content\/uploads\/2025\/11\/equipo-clinica-camarma-1.jpg\" width=\"388\" height=\"340\" srcset=\"https:\/\/clinicacamarma.com\/wp-content\/uploads\/2025\/11\/equipo-clinica-camarma-1.jpg 388w, https:\/\/clinicacamarma.com\/wp-content\/uploads\/2025\/11\/equipo-clinica-camarma-1-300x263.jpg 300w\" sizes=\"(max-width: 388px) 100vw, 388px\" title=\"equipo-clinica-camarma\" alt=\"\" \t\tclass=\"so-widget-image\"\/>\n\t<\/div>\n\n<\/div><\/div><\/div><\/div><div id=\"pg-239-1\"  class=\"panel-grid panel-no-style\" ><div id=\"pgc-239-1-0\"  class=\"panel-grid-cell\" ><div id=\"panel-239-1-0-0\" class=\"so-panel widget widget_sow-image panel-first-child panel-last-child\" data-index=\"2\" ><div\n\t\t\t\n\t\t\tclass=\"so-widget-sow-image so-widget-sow-image-default-c67d20f9f743-239\"\n\t\t\t\n\t\t>\n<div class=\"sow-image-container\">\n\t\t<img \n\tsrc=\"https:\/\/clinicacamarma.com\/wp-content\/uploads\/2016\/03\/clinicadentalcamarma_sonrie.gif\" width=\"600\" height=\"120\" sizes=\"(max-width: 600px) 100vw, 600px\" alt=\"\" \t\tclass=\"so-widget-image\"\/>\n\t<\/div>\n\n<\/div><\/div><\/div><\/div><\/div>","protected":false},"excerpt":{"rendered":"<p>La Cl\u00ednica Dental Camarma se encuentra situada en Camarma de Esteruelas, a 5 minutos de Alcal\u00e1 de Henares, y en ella recibiras una atenci\u00f3n personalizada y cercana. Prestamos servicio tambi\u00e9n a las poblaciones m\u00e1s cercanas, como Meco, Guadalajara, Daganzo, Ajalvir, Torrej\u00f3n del Rey, El Casar y Valdeavero. Nuestras instalaciones estan equipadas con la m\u00e1s moderna [&hellip;]<\/p>\n","protected":false},"author":1,"featured_media":0,"parent":0,"menu_order":0,"comment_status":"closed","ping_status":"closed","template":"","meta":{"footnotes":""},"_links":{"self":[{"href":"https:\/\/clinicacamarma.com\/index.php?rest_route=\/wp\/v2\/pages\/239"}],"collection":[{"href":"https:\/\/clinicacamarma.com\/index.php?rest_route=\/wp\/v2\/pages"}],"about":[{"href":"https:\/\/clinicacamarma.com\/index.php?rest_route=\/wp\/v2\/types\/page"}],"author":[{"embeddable":true,"href":"https:\/\/clinicacamarma.com\/index.php?rest_route=\/wp\/v2\/users\/1"}],"replies":[{"embeddable":true,"href":"https:\/\/clinicacamarma.com\/index.php?rest_route=%2Fwp%2Fv2%2Fcomments&post=239"}],"version-history":[{"count":16,"href":"https:\/\/clinicacamarma.com\/index.php?rest_route=\/wp\/v2\/pages\/239\/revisions"}],"predecessor-version":[{"id":844,"href":"https:\/\/clinicacamarma.com\/index.php?rest_route=\/wp\/v2\/pages\/239\/revisions\/844"}],"wp:attachment":[{"href":"https:\/\/clinicacamarma.com\/index.php?rest_route=%2Fwp%2Fv2%2Fmedia&parent=239"}],"curies":[{"name":"wp","href":"https:\/\/api.w.org\/{rel}","templated":true}]}}